{"id":1838,"date":"2023-06-30T10:39:50","date_gmt":"2023-06-30T09:39:50","guid":{"rendered":"https:\/\/dangelomusic.com\/etusivu\/"},"modified":"2023-11-10T13:32:48","modified_gmt":"2023-11-10T13:32:48","slug":"etusivu","status":"publish","type":"page","link":"https:\/\/dangelomusic.com\/fi\/","title":{"rendered":"Etusivu"},"content":{"rendered":"<p>[et_pb_section fb_built=&#8221;1&#8243; custom_padding_last_edited=&#8221;on|phone&#8221; module_class=&#8221;freya_hero&#8221; _builder_version=&#8221;4.22.1&#8243; _module_preset=&#8221;default&#8221; background_image=&#8221;http:\/\/dangelomusic.com\/wp-content\/uploads\/2023\/10\/DANGELO_home.jpg&#8221; custom_margin=&#8221;-100px||||false|false&#8221; custom_margin_tablet=&#8221;-82px||||false|false&#8221; custom_margin_phone=&#8221;-82px||||false|false&#8221; custom_margin_last_edited=&#8221;on|tablet&#8221; custom_padding=&#8221;344px||600px||false|false&#8221; custom_padding_tablet=&#8221;182px||100px||false|false&#8221; custom_padding_phone=&#8221;162px||80px||false|false&#8221; custom_css_before=&#8221;content:&#8221;;||background-color:#121212;||opacity:0.8;||position:absolute;||top:0;||bottom:0;||left:0;||right:0;&#8221; custom_css_after=&#8221;    content: &#8221;;||    top: 100px;||    bottom: 0;||    left: 0;||    right: 0;||    position: absolute;||    background-image: url(\/wp-content\/uploads\/2023\/07\/img-8.png);||background-size: cover;&#8221; global_colors_info=&#8221;{}&#8221;][et_pb_row _builder_version=&#8221;4.22.1&#8243; _module_preset=&#8221;default&#8221; width=&#8221;74%&#8221; min_height=&#8221;214px&#8221; custom_padding=&#8221;88px||88px||true|false&#8221; custom_css_main_element=&#8221;display:flex;||align-items:center;&#8221; global_colors_info=&#8221;{}&#8221; custom_css_main_element_last_edited=&#8221;on|tablet&#8221; custom_css_main_element_tablet=&#8221;display:block;&#8221; custom_css_main_element_phone=&#8221;display:block;&#8221;][et_pb_column type=&#8221;4_4&#8243; _builder_version=&#8221;4.21.0&#8243; _module_preset=&#8221;default&#8221; global_colors_info=&#8221;{}&#8221;][\/et_pb_column][\/et_pb_row][\/et_pb_section][et_pb_section fb_built=&#8221;1&#8243; _builder_version=&#8221;4.22.1&#8243; _module_preset=&#8221;default&#8221; background_color=&#8221;RGBA(255,255,255,0)&#8221; custom_padding=&#8221;47px|||||&#8221; global_colors_info=&#8221;{}&#8221;][et_pb_row column_structure=&#8221;2_5,3_5&#8243; _builder_version=&#8221;4.22.1&#8243; _module_preset=&#8221;default&#8221; global_colors_info=&#8221;{}&#8221;][et_pb_column type=&#8221;2_5&#8243; _builder_version=&#8221;4.22.1&#8243; _module_preset=&#8221;default&#8221; global_colors_info=&#8221;{}&#8221;][et_pb_image src=&#8221;http:\/\/dangelomusic.com\/wp-content\/uploads\/2023\/11\/DANGELO_SATUMAANI.jpg&#8221; title_text=&#8221;DANGELO_SATUMAANI&#8221; align=&#8221;center&#8221; _builder_version=&#8221;4.22.1&#8243; _module_preset=&#8221;default&#8221; width=&#8221;79.9%&#8221; global_colors_info=&#8221;{}&#8221;][\/et_pb_image][\/et_pb_column][et_pb_column type=&#8221;3_5&#8243; _builder_version=&#8221;4.22.1&#8243; _module_preset=&#8221;default&#8221; global_colors_info=&#8221;{}&#8221;][et_pb_text _builder_version=&#8221;4.22.1&#8243; _module_preset=&#8221;default&#8221; text_text_color=&#8221;#000000&#8243; min_height=&#8221;45px&#8221; global_colors_info=&#8221;{}&#8221;]<\/p>\n<h1><span style=\"color: #000000;\"><span style=\"vertical-align: inherit;\"><span style=\"vertical-align: inherit;\">SATUMAANI<\/span><\/span><br \/><\/span><\/h1>\n<p>[\/et_pb_text][et_pb_text _builder_version=&#8221;4.22.1&#8243; _module_preset=&#8221;default&#8221; text_font=&#8221;Abel||on||||||&#8221; text_font_size=&#8221;20px&#8221; custom_margin=&#8221;-17px|||||&#8221; global_colors_info=&#8221;{}&#8221;]<\/p>\n<p><span style=\"color: #000000;\">Nine Finnish tango sketches for solo guitar and lyrics<\/span><\/p>\n<p>[\/et_pb_text][et_pb_text _builder_version=&#8221;4.22.1&#8243; _module_preset=&#8221;default&#8221; text_font=&#8221;Abel||||||||&#8221; text_text_color=&#8221;#000000&#8243; text_font_size=&#8221;24px&#8221; text_line_height=&#8221;1.5em&#8221; min_height=&#8221;155px&#8221; hover_enabled=&#8221;0&#8243; global_colors_info=&#8221;{}&#8221; sticky_enabled=&#8221;0&#8243;]<\/p>\n<p class=\"p1\" style=\"text-align: left;\">Onko tangomusiikilla mit\u00e4\u00e4n tekemist\u00e4 Suomen kanssa? No on todellakin, ja paljon.<\/p>\n<p class=\"p1\" style=\"text-align: left;\">T\u00e4m\u00e4n ty\u00f6ni \u00e4\u00e4nisis\u00e4lt\u00f6 on instrumentaalinen, mutta koko projektin toteutus on ohjelmallinen musiikki: laulujen kera tarjoillaan sanoitukset, jotka ovat mukana ohjelmalehtisess\u00e4 alkuper\u00e4isell\u00e4 kielell\u00e4 sek\u00e4 my\u00f6s italiaksi ett\u00e4 englanniksi ja josta ne ovat tarvittaessa kuuntelijan saatavilla.<\/p>\n<p>[\/et_pb_text][et_pb_text _builder_version=&#8221;4.22.1&#8243; _module_preset=&#8221;default&#8221; global_colors_info=&#8221;{}&#8221;]<\/p>\n<p><a href=\"https:\/\/dangelomusic.com\/fi\/albumi\/\" title=\"altro\"><span style=\"color: #000000;\"><strong>Altro&#8230;<\/strong><\/span><\/a><\/p>\n<p>[\/et_pb_text][\/et_pb_column][\/et_pb_row][\/et_pb_section]<\/p>\n","protected":false},"excerpt":{"rendered":"<p>SATUMAANINine Finnish tango sketches for solo guitar and lyricsOnko tangomusiikilla mit\u00e4\u00e4n tekemist\u00e4 Suomen kanssa? No on todellakin, ja paljon. T\u00e4m\u00e4n ty\u00f6ni \u00e4\u00e4nisis\u00e4lt\u00f6 on instrumentaalinen, mutta koko projektin toteutus on ohjelmallinen musiikki: laulujen kera tarjoillaan sanoitukset, jotka ovat mukana ohjelmalehtisess\u00e4 alkuper\u00e4isell\u00e4 kielell\u00e4 sek\u00e4 my\u00f6s italiaksi ett\u00e4 englanniksi ja josta ne ovat tarvittaessa kuuntelijan saatavilla.Altro&#8230;<\/p>\n","protected":false},"author":1,"featured_media":0,"parent":0,"menu_order":0,"comment_status":"closed","ping_status":"closed","template":"","meta":{"_et_pb_use_builder":"on","_et_pb_old_content":"","_et_gb_content_width":"","_monsterinsights_skip_tracking":false,"_monsterinsights_sitenote_active":false,"_monsterinsights_sitenote_note":"","_monsterinsights_sitenote_category":0,"footnotes":""},"aioseo_notices":[],"_links":{"self":[{"href":"https:\/\/dangelomusic.com\/fi\/wp-json\/wp\/v2\/pages\/1838"}],"collection":[{"href":"https:\/\/dangelomusic.com\/fi\/wp-json\/wp\/v2\/pages"}],"about":[{"href":"https:\/\/dangelomusic.com\/fi\/wp-json\/wp\/v2\/types\/page"}],"author":[{"embeddable":true,"href":"https:\/\/dangelomusic.com\/fi\/wp-json\/wp\/v2\/users\/1"}],"replies":[{"embeddable":true,"href":"https:\/\/dangelomusic.com\/fi\/wp-json\/wp\/v2\/comments?post=1838"}],"version-history":[{"count":6,"href":"https:\/\/dangelomusic.com\/fi\/wp-json\/wp\/v2\/pages\/1838\/revisions"}],"predecessor-version":[{"id":1846,"href":"https:\/\/dangelomusic.com\/fi\/wp-json\/wp\/v2\/pages\/1838\/revisions\/1846"}],"wp:attachment":[{"href":"https:\/\/dangelomusic.com\/fi\/wp-json\/wp\/v2\/media?parent=1838"}],"curies":[{"name":"wp","href":"https:\/\/api.w.org\/{rel}","templated":true}]}}